{"id":921,"date":"2025-12-05T08:25:43","date_gmt":"2025-12-05T08:25:43","guid":{"rendered":"https:\/\/163.edukovac.xyz\/?page_id=921"},"modified":"2025-12-06T17:24:23","modified_gmt":"2025-12-06T17:24:23","slug":"kontakt-advokat-svilajnac","status":"publish","type":"page","link":"https:\/\/163.edukovac.xyz\/index.php\/kontakt-advokat-svilajnac\/","title":{"rendered":"Kontakt"},"content":{"rendered":"<p>[et_pb_section fb_built=&#8220;1&#8243; admin_label=&#8220;Header&#8220; _builder_version=&#8220;4.15.1&#8243; _module_preset=&#8220;default&#8220; background_image=&#8220;http:\/\/163.edukovac.xyz\/wp-content\/uploads\/2025\/12\/attorney-15.jpg&#8220; filter_brightness=&#8220;85%&#8220; filter_contrast=&#8220;97%&#8220; locked=&#8220;off&#8220; collapsed=&#8220;on&#8220; global_colors_info=&#8220;{%22gcid-9fa4a1b6-767d-41ca-984c-a6f10449c843%22:%91%22background_color%22%93}&#8220;][et_pb_row _builder_version=&#8220;4.20.0&#8243; _module_preset=&#8220;default&#8220; global_colors_info=&#8220;{}&#8220;][et_pb_column type=&#8220;4_4&#8243; _builder_version=&#8220;4.20.0&#8243; _module_preset=&#8220;default&#8220; global_colors_info=&#8220;{}&#8220;][et_pb_text _builder_version=&#8220;4.15.1&#8243; _module_preset=&#8220;c8f08cf1-5643-4a84-a74b-d3b247462851&#8243; header_font=&#8220;||||||||&#8220; header_text_color=&#8220;#FFFFFF&#8220; header_4_font=&#8220;Roboto|700||on|||||&#8220; header_4_text_color=&#8220;gcid-2f3f3e09-0a26-4ea7-8906-5e1128945e3f&#8220; header_4_font_size=&#8220;14px&#8220; header_4_letter_spacing=&#8220;0.2em&#8220; header_4_line_height=&#8220;1.4em&#8220; text_orientation=&#8220;center&#8220; custom_margin=&#8220;||10px||false|false&#8220; hover_enabled=&#8220;0&#8243; global_colors_info=&#8220;{%22gcid-2f3f3e09-0a26-4ea7-8906-5e1128945e3f%22:%91%22header_4_text_color%22%93}&#8220; text_text_color=&#8220;#FFFFFF&#8220; sticky_enabled=&#8220;0&#8243;]<\/p>\n<h4>Kontakt<\/h4>\n<p>[\/et_pb_text][et_pb_image src=&#8220;http:\/\/163.edukovac.xyz\/wp-content\/uploads\/2025\/12\/attorney-1.png&#8220; title_text=&#8220;attorney-1&#8243; _builder_version=&#8220;4.20.0&#8243; _module_preset=&#8220;default&#8220; max_width=&#8220;130px&#8220; module_alignment=&#8220;center&#8220; global_colors_info=&#8220;{}&#8220;][\/et_pb_image][et_pb_text _builder_version=&#8220;4.15.1&#8243; _module_preset=&#8220;20f46774-c97f-40c8-a0dc-570123dd2886&#8243; header_font=&#8220;Amiri|||on|||||&#8220; header_text_color=&#8220;#E09900&#8243; header_font_size=&#8220;72px&#8220; header_line_height=&#8220;1.2em&#8220; text_orientation=&#8220;center&#8220; filter_hue_rotate=&#8220;23deg&#8220; filter_saturate=&#8220;124%&#8220; filter_brightness=&#8220;170%&#8220; filter_contrast=&#8220;121%&#8220; filter_sepia=&#8220;100%&#8220; animation_style=&#8220;slide&#8220; hover_enabled=&#8220;0&#8243; header_font_size_tablet=&#8220;40px&#8220; header_font_size_phone=&#8220;24px&#8220; header_font_size_last_edited=&#8220;on|desktop&#8220; global_colors_info=&#8220;{}&#8220; sticky_enabled=&#8220;0&#8243;]<\/p>\n<h1>Kontaktirajte nas<\/h1>\n<p>[\/et_pb_text][\/et_pb_column][\/et_pb_row][\/et_pb_section][et_pb_section fb_built=&#8220;1&#8243; admin_label=&#8220;Contact&#8220; _builder_version=&#8220;4.20.0&#8243; _module_preset=&#8220;default&#8220; background_color=&#8220;gcid-2f3f3e09-0a26-4ea7-8906-5e1128945e3f&#8220; collapsed=&#8220;on&#8220; global_colors_info=&#8220;{%22gcid-2f3f3e09-0a26-4ea7-8906-5e1128945e3f%22:%91%22background_color%22%93}&#8220;][et_pb_row column_structure=&#8220;1_2,1_2&#8243; _builder_version=&#8220;4.15.1&#8243; _module_preset=&#8220;default&#8220; global_colors_info=&#8220;{}&#8220;][et_pb_column type=&#8220;1_2&#8243; _builder_version=&#8220;4.15.1&#8243; _module_preset=&#8220;default&#8220; global_colors_info=&#8220;{}&#8220;][et_pb_contact_form captcha=&#8220;off&#8220; _builder_version=&#8220;4.15.1&#8243; _module_preset=&#8220;469b382d-1794-4094-b5d8-2ce871b4031b&#8220; _unique_id=&#8220;37352547-b97b-4413-85e2-b00056b20234&#8243; form_field_background_color=&#8220;RGBA(255,255,255,0)&#8220; form_field_text_color=&#8220;#000000&#8243; form_field_custom_padding=&#8220;16px|20px|16px|20px|true|true&#8220; form_field_font=&#8220;Nanum Myeongjo|800||on|||||&#8220; form_field_letter_spacing=&#8220;0.16em&#8220; custom_button=&#8220;on&#8220; button_text_size=&#8220;14px&#8220; button_text_color=&#8220;#cab6a1&#8243; button_bg_color=&#8220;#000000&#8243; button_border_width=&#8220;0px&#8220; button_border_radius=&#8220;100px&#8220; button_letter_spacing=&#8220;0.16em&#8220; button_font=&#8220;Nanum Myeongjo|800||on|||||&#8220; button_custom_padding=&#8220;10px|24px|10px|24px|true|true&#8220; border_radii=&#8220;on|4px|4px|4px|4px&#8220; border_width_all=&#8220;2px&#8220; border_color_all=&#8220;#000000&#8243; box_shadow_style=&#8220;preset4&#8243; box_shadow_style_button=&#8220;preset4&#8243; locked=&#8220;off&#8220; global_colors_info=&#8220;{%22gcid-11d3dbbb-f6dc-4fb8-929b-9d6994368d00%22:%91%22button_text_color%22%93}&#8220;][et_pb_contact_field field_id=&#8220;Name&#8220; field_title=&#8220;Ime i prezime&#8220; fullwidth_field=&#8220;on&#8220; _builder_version=&#8220;4.15.1&#8243; _module_preset=&#8220;default&#8220; global_colors_info=&#8220;{}&#8220; button_text_size__hover_enabled=&#8220;off&#8220; button_one_text_size__hover_enabled=&#8220;off&#8220; button_two_text_size__hover_enabled=&#8220;off&#8220; button_text_color__hover_enabled=&#8220;off&#8220; button_one_text_color__hover_enabled=&#8220;off&#8220; button_two_text_color__hover_enabled=&#8220;off&#8220; button_border_width__hover_enabled=&#8220;off&#8220; button_one_border_width__hover_enabled=&#8220;off&#8220; button_two_border_width__hover_enabled=&#8220;off&#8220; button_border_color__hover_enabled=&#8220;off&#8220; button_one_border_color__hover_enabled=&#8220;off&#8220; button_two_border_color__hover_enabled=&#8220;off&#8220; button_border_radius__hover_enabled=&#8220;off&#8220; button_one_border_radius__hover_enabled=&#8220;off&#8220; button_two_border_radius__hover_enabled=&#8220;off&#8220; button_letter_spacing__hover_enabled=&#8220;off&#8220; button_one_letter_spacing__hover_enabled=&#8220;off&#8220; button_two_letter_spacing__hover_enabled=&#8220;off&#8220; button_bg_color__hover_enabled=&#8220;off&#8220; button_one_bg_color__hover_enabled=&#8220;off&#8220; button_two_bg_color__hover_enabled=&#8220;off&#8220;][\/et_pb_contact_field][et_pb_contact_field field_id=&#8220;Email&#8220; field_title=&#8220;Email Adresa&#8220; field_type=&#8220;email&#8220; fullwidth_field=&#8220;on&#8220; _builder_version=&#8220;4.15.1&#8243; _module_preset=&#8220;default&#8220; global_colors_info=&#8220;{}&#8220; button_text_size__hover_enabled=&#8220;off&#8220; button_one_text_size__hover_enabled=&#8220;off&#8220; button_two_text_size__hover_enabled=&#8220;off&#8220; button_text_color__hover_enabled=&#8220;off&#8220; button_one_text_color__hover_enabled=&#8220;off&#8220; button_two_text_color__hover_enabled=&#8220;off&#8220; button_border_width__hover_enabled=&#8220;off&#8220; button_one_border_width__hover_enabled=&#8220;off&#8220; button_two_border_width__hover_enabled=&#8220;off&#8220; button_border_color__hover_enabled=&#8220;off&#8220; button_one_border_color__hover_enabled=&#8220;off&#8220; button_two_border_color__hover_enabled=&#8220;off&#8220; button_border_radius__hover_enabled=&#8220;off&#8220; button_one_border_radius__hover_enabled=&#8220;off&#8220; button_two_border_radius__hover_enabled=&#8220;off&#8220; button_letter_spacing__hover_enabled=&#8220;off&#8220; button_one_letter_spacing__hover_enabled=&#8220;off&#8220; button_two_letter_spacing__hover_enabled=&#8220;off&#8220; button_bg_color__hover_enabled=&#8220;off&#8220; button_one_bg_color__hover_enabled=&#8220;off&#8220; button_two_bg_color__hover_enabled=&#8220;off&#8220;][\/et_pb_contact_field][et_pb_contact_field field_id=&#8220;Message&#8220; field_title=&#8220;Poruka&#8220; field_type=&#8220;text&#8220; fullwidth_field=&#8220;on&#8220; _builder_version=&#8220;4.15.1&#8243; _module_preset=&#8220;default&#8220; global_colors_info=&#8220;{}&#8220; button_text_size__hover_enabled=&#8220;off&#8220; button_one_text_size__hover_enabled=&#8220;off&#8220; button_two_text_size__hover_enabled=&#8220;off&#8220; button_text_color__hover_enabled=&#8220;off&#8220; button_one_text_color__hover_enabled=&#8220;off&#8220; button_two_text_color__hover_enabled=&#8220;off&#8220; button_border_width__hover_enabled=&#8220;off&#8220; button_one_border_width__hover_enabled=&#8220;off&#8220; button_two_border_width__hover_enabled=&#8220;off&#8220; button_border_color__hover_enabled=&#8220;off&#8220; button_one_border_color__hover_enabled=&#8220;off&#8220; button_two_border_color__hover_enabled=&#8220;off&#8220; button_border_radius__hover_enabled=&#8220;off&#8220; button_one_border_radius__hover_enabled=&#8220;off&#8220; button_two_border_radius__hover_enabled=&#8220;off&#8220; button_letter_spacing__hover_enabled=&#8220;off&#8220; button_one_letter_spacing__hover_enabled=&#8220;off&#8220; button_two_letter_spacing__hover_enabled=&#8220;off&#8220; button_bg_color__hover_enabled=&#8220;off&#8220; button_one_bg_color__hover_enabled=&#8220;off&#8220; button_two_bg_color__hover_enabled=&#8220;off&#8220;][\/et_pb_contact_field][\/et_pb_contact_form][\/et_pb_column][et_pb_column type=&#8220;1_2&#8243; _builder_version=&#8220;4.15.1&#8243; _module_preset=&#8220;default&#8220; global_colors_info=&#8220;{}&#8220;][et_pb_text _builder_version=&#8220;4.15.1&#8243; _module_preset=&#8220;1ec69957-93cb-4db9-b9f4-d7bd968e43e0&#8243; header_font=&#8220;Amiri||||||||&#8220; header_3_font=&#8220;Nanum Myeongjo|700||on|||||&#8220; header_3_text_color=&#8220;#000000&#8243; header_3_font_size=&#8220;26px&#8220; header_3_line_height=&#8220;1.4em&#8220; header_3_font_size_tablet=&#8220;20px&#8220; header_3_font_size_phone=&#8220;16px&#8220; header_3_font_size_last_edited=&#8220;on|desktop&#8220; locked=&#8220;off&#8220; global_colors_info=&#8220;{}&#8220;]<\/p>\n<h3><strong>Marko Vu\u010dkovi\u0107<\/strong><\/h3>\n<p>[\/et_pb_text][et_pb_text _builder_version=&#8220;4.15.1&#8243; _module_preset=&#8220;1ec69957-93cb-4db9-b9f4-d7bd968e43e0&#8243; header_3_font=&#8220;Nanum Myeongjo|700||on|||||&#8220; header_3_text_color=&#8220;#000000&#8243; header_3_font_size=&#8220;26px&#8220; header_3_line_height=&#8220;1.4em&#8220; custom_margin=&#8220;30px||||false|false&#8220; header_3_font_size_tablet=&#8220;20px&#8220; header_3_font_size_phone=&#8220;16px&#8220; header_3_font_size_last_edited=&#8220;on|desktop&#8220; global_colors_info=&#8220;{}&#8220;]<\/p>\n<h3>Telefon: 064 277 67 97<\/h3>\n<p>[\/et_pb_text][et_pb_text _builder_version=&#8220;4.15.1&#8243; _module_preset=&#8220;406d2555-082f-4bee-a613-51a32f1c3be4&#8243; header_5_font=&#8220;Roboto|500||on|||||&#8220; header_5_text_color=&#8220;#000000&#8243; header_5_font_size=&#8220;20px&#8220; header_5_line_height=&#8220;1.4em&#8220; header_5_font_size_tablet=&#8220;16px&#8220; header_5_font_size_phone=&#8220;14px&#8220; header_5_font_size_last_edited=&#8220;on|desktop&#8220; global_colors_info=&#8220;{}&#8220;]<\/p>\n<h5>\u0423\u0441\u0442\u0430\u043d\u0438\u0447\u043a\u0430 br. 62, \u0421\u0432\u0438\u043b\u0430\u0458\u043d\u0430\u0446 35210<\/h5>\n<p>[\/et_pb_text][et_pb_text _builder_version=&#8220;4.15.1&#8243; _module_preset=&#8220;406d2555-082f-4bee-a613-51a32f1c3be4&#8243; header_5_font=&#8220;Roboto|500||on|||||&#8220; header_5_text_color=&#8220;#000000&#8243; header_5_font_size=&#8220;20px&#8220; header_5_line_height=&#8220;1.4em&#8220; custom_margin=&#8220;||0px||false|false&#8220; header_5_font_size_tablet=&#8220;16px&#8220; header_5_font_size_phone=&#8220;14px&#8220; header_5_font_size_last_edited=&#8220;on|desktop&#8220; global_colors_info=&#8220;{}&#8220;]<\/p>\n<h5>Radno vreme: 8:00 am \u201316:00 pm<\/h5>\n<p>[\/et_pb_text][\/et_pb_column][\/et_pb_row][et_pb_row _builder_version=&#8220;4.15.1&#8243; _module_preset=&#8220;default&#8220; global_colors_info=&#8220;{}&#8220;][et_pb_column type=&#8220;4_4&#8243; _builder_version=&#8220;4.15.1&#8243; _module_preset=&#8220;default&#8220; global_colors_info=&#8220;{}&#8220;][et_pb_code _builder_version=&#8220;4.15.1&#8243; _module_preset=&#8220;default&#8220; global_colors_info=&#8220;{}&#8220;]<iframe src=\"https:\/\/www.google.com\/maps\/embed?pb=!1m18!1m12!1m3!1d2858.6795203168135!2d21.18937118627393!3d44.23425609651368!2m3!1f0!2f0!3f0!3m2!1i1024!2i768!4f13.1!3m3!1m2!1s0x47512bec532111fb%3A0xe895725b7e4e8cc4!2sAdvokat%20Marko%20Vu%C4%8Dkovi%C4%87!5e0!3m2!1ssr!2srs!4v1765038584838!5m2!1ssr!2srs\" width=\"600\" height=\"450\" style=\"border:0;\" allowfullscreen=\"\" loading=\"lazy\" referrerpolicy=\"no-referrer-when-downgrade\"><\/iframe>[\/et_pb_code][\/et_pb_column][\/et_pb_row][\/et_pb_section]<\/p>\n","protected":false},"excerpt":{"rendered":"<p>KontaktKontaktirajte nasMarko Vu\u010dkovi\u0107Telefon: 064 277 67 97\u0423\u0441\u0442\u0430\u043d\u0438\u0447\u043a\u0430 br. 62, \u0421\u0432\u0438\u043b\u0430\u0458\u043d\u0430\u0446 35210Radno vreme: 8:00 am \u201316:00 pm<\/p>\n","protected":false},"author":1,"featured_media":0,"parent":0,"menu_order":0,"comment_status":"closed","ping_status":"closed","template":"","meta":{"_et_pb_use_builder":"on","_et_pb_old_content":"","_et_gb_content_width":"","footnotes":""},"class_list":["post-921","page","type-page","status-publish","hentry"],"yoast_head":"<!-- This site is optimized with the Yoast SEO plugin v26.5 - https:\/\/yoast.com\/wordpress\/plugins\/seo\/ -->\n<title>Kontakt - Advokat Marko Vu\u010dkovi\u0107<\/title>\n<meta name=\"description\" content=\"Kontaktirajte na\u0161u advokatsku kancelariju u Svilajncu za zakazivanje sastanka i pravnu pomo\u0107. Dostupni smo za pozive, mejl i konsultacije.\" \/>\n<meta name=\"robots\" content=\"index, follow, max-snippet:-1, max-image-preview:large, max-video-preview:-1\" \/>\n<link rel=\"canonical\" href=\"https:\/\/163.edukovac.xyz\/index.php\/kontakt-advokat-svilajnac\/\" \/>\n<meta property=\"og:locale\" content=\"sr_RS\" \/>\n<meta property=\"og:type\" content=\"article\" \/>\n<meta property=\"og:title\" content=\"Kontakt - Advokat Marko Vu\u010dkovi\u0107\" \/>\n<meta property=\"og:description\" content=\"Kontaktirajte na\u0161u advokatsku kancelariju u Svilajncu za zakazivanje sastanka i pravnu pomo\u0107. Dostupni smo za pozive, mejl i konsultacije.\" \/>\n<meta property=\"og:url\" content=\"https:\/\/163.edukovac.xyz\/index.php\/kontakt-advokat-svilajnac\/\" \/>\n<meta property=\"og:site_name\" content=\"Advokat Marko Vu\u010dkovi\u0107\" \/>\n<meta property=\"article:modified_time\" content=\"2025-12-06T17:24:23+00:00\" \/>\n<meta name=\"twitter:card\" content=\"summary_large_image\" \/>\n<meta name=\"twitter:label1\" content=\"\u041f\u0440\u043e\u0446\u0435\u045a\u0435\u043d\u043e \u0432\u0440\u0435\u043c\u0435 \u0447\u0438\u0442\u0430\u045a\u0430\" \/>\n\t<meta name=\"twitter:data1\" content=\"2 \u043c\u0438\u043d\u0443\u0442\u0430\" \/>\n<script type=\"application\/ld+json\" class=\"yoast-schema-graph\">{\"@context\":\"https:\/\/schema.org\",\"@graph\":[{\"@type\":\"WebPage\",\"@id\":\"https:\/\/163.edukovac.xyz\/index.php\/kontakt-advokat-svilajnac\/\",\"url\":\"https:\/\/163.edukovac.xyz\/index.php\/kontakt-advokat-svilajnac\/\",\"name\":\"Kontakt - Advokat Marko Vu\u010dkovi\u0107\",\"isPartOf\":{\"@id\":\"https:\/\/163.edukovac.xyz\/#website\"},\"datePublished\":\"2025-12-05T08:25:43+00:00\",\"dateModified\":\"2025-12-06T17:24:23+00:00\",\"description\":\"Kontaktirajte na\u0161u advokatsku kancelariju u Svilajncu za zakazivanje sastanka i pravnu pomo\u0107. Dostupni smo za pozive, mejl i konsultacije.\",\"breadcrumb\":{\"@id\":\"https:\/\/163.edukovac.xyz\/index.php\/kontakt-advokat-svilajnac\/#breadcrumb\"},\"inLanguage\":\"sr-RS\",\"potentialAction\":[{\"@type\":\"ReadAction\",\"target\":[\"https:\/\/163.edukovac.xyz\/index.php\/kontakt-advokat-svilajnac\/\"]}]},{\"@type\":\"BreadcrumbList\",\"@id\":\"https:\/\/163.edukovac.xyz\/index.php\/kontakt-advokat-svilajnac\/#breadcrumb\",\"itemListElement\":[{\"@type\":\"ListItem\",\"position\":1,\"name\":\"\u041f\u043e\u0447\u0435\u0442\u043d\u0430\",\"item\":\"https:\/\/163.edukovac.xyz\/\"},{\"@type\":\"ListItem\",\"position\":2,\"name\":\"Kontakt\"}]},{\"@type\":\"WebSite\",\"@id\":\"https:\/\/163.edukovac.xyz\/#website\",\"url\":\"https:\/\/163.edukovac.xyz\/\",\"name\":\"Advokat Marko Vu\u010dkovi\u0107\",\"description\":\"Advokatska kancelarija\",\"potentialAction\":[{\"@type\":\"SearchAction\",\"target\":{\"@type\":\"EntryPoint\",\"urlTemplate\":\"https:\/\/163.edukovac.xyz\/?s={search_term_string}\"},\"query-input\":{\"@type\":\"PropertyValueSpecification\",\"valueRequired\":true,\"valueName\":\"search_term_string\"}}],\"inLanguage\":\"sr-RS\"}]}<\/script>\n<!-- \/ Yoast SEO plugin. -->","yoast_head_json":{"title":"Kontakt - Advokat Marko Vu\u010dkovi\u0107","description":"Kontaktirajte na\u0161u advokatsku kancelariju u Svilajncu za zakazivanje sastanka i pravnu pomo\u0107. Dostupni smo za pozive, mejl i konsultacije.","robots":{"index":"index","follow":"follow","max-snippet":"max-snippet:-1","max-image-preview":"max-image-preview:large","max-video-preview":"max-video-preview:-1"},"canonical":"https:\/\/163.edukovac.xyz\/index.php\/kontakt-advokat-svilajnac\/","og_locale":"sr_RS","og_type":"article","og_title":"Kontakt - Advokat Marko Vu\u010dkovi\u0107","og_description":"Kontaktirajte na\u0161u advokatsku kancelariju u Svilajncu za zakazivanje sastanka i pravnu pomo\u0107. Dostupni smo za pozive, mejl i konsultacije.","og_url":"https:\/\/163.edukovac.xyz\/index.php\/kontakt-advokat-svilajnac\/","og_site_name":"Advokat Marko Vu\u010dkovi\u0107","article_modified_time":"2025-12-06T17:24:23+00:00","twitter_card":"summary_large_image","twitter_misc":{"\u041f\u0440\u043e\u0446\u0435\u045a\u0435\u043d\u043e \u0432\u0440\u0435\u043c\u0435 \u0447\u0438\u0442\u0430\u045a\u0430":"2 \u043c\u0438\u043d\u0443\u0442\u0430"},"schema":{"@context":"https:\/\/schema.org","@graph":[{"@type":"WebPage","@id":"https:\/\/163.edukovac.xyz\/index.php\/kontakt-advokat-svilajnac\/","url":"https:\/\/163.edukovac.xyz\/index.php\/kontakt-advokat-svilajnac\/","name":"Kontakt - Advokat Marko Vu\u010dkovi\u0107","isPartOf":{"@id":"https:\/\/163.edukovac.xyz\/#website"},"datePublished":"2025-12-05T08:25:43+00:00","dateModified":"2025-12-06T17:24:23+00:00","description":"Kontaktirajte na\u0161u advokatsku kancelariju u Svilajncu za zakazivanje sastanka i pravnu pomo\u0107. Dostupni smo za pozive, mejl i konsultacije.","breadcrumb":{"@id":"https:\/\/163.edukovac.xyz\/index.php\/kontakt-advokat-svilajnac\/#breadcrumb"},"inLanguage":"sr-RS","potentialAction":[{"@type":"ReadAction","target":["https:\/\/163.edukovac.xyz\/index.php\/kontakt-advokat-svilajnac\/"]}]},{"@type":"BreadcrumbList","@id":"https:\/\/163.edukovac.xyz\/index.php\/kontakt-advokat-svilajnac\/#breadcrumb","itemListElement":[{"@type":"ListItem","position":1,"name":"\u041f\u043e\u0447\u0435\u0442\u043d\u0430","item":"https:\/\/163.edukovac.xyz\/"},{"@type":"ListItem","position":2,"name":"Kontakt"}]},{"@type":"WebSite","@id":"https:\/\/163.edukovac.xyz\/#website","url":"https:\/\/163.edukovac.xyz\/","name":"Advokat Marko Vu\u010dkovi\u0107","description":"Advokatska kancelarija","potentialAction":[{"@type":"SearchAction","target":{"@type":"EntryPoint","urlTemplate":"https:\/\/163.edukovac.xyz\/?s={search_term_string}"},"query-input":{"@type":"PropertyValueSpecification","valueRequired":true,"valueName":"search_term_string"}}],"inLanguage":"sr-RS"}]}},"_links":{"self":[{"href":"https:\/\/163.edukovac.xyz\/index.php\/wp-json\/wp\/v2\/pages\/921","targetHints":{"allow":["GET"]}}],"collection":[{"href":"https:\/\/163.edukovac.xyz\/index.php\/wp-json\/wp\/v2\/pages"}],"about":[{"href":"https:\/\/163.edukovac.xyz\/index.php\/wp-json\/wp\/v2\/types\/page"}],"author":[{"embeddable":true,"href":"https:\/\/163.edukovac.xyz\/index.php\/wp-json\/wp\/v2\/users\/1"}],"replies":[{"embeddable":true,"href":"https:\/\/163.edukovac.xyz\/index.php\/wp-json\/wp\/v2\/comments?post=921"}],"version-history":[{"count":12,"href":"https:\/\/163.edukovac.xyz\/index.php\/wp-json\/wp\/v2\/pages\/921\/revisions"}],"predecessor-version":[{"id":993,"href":"https:\/\/163.edukovac.xyz\/index.php\/wp-json\/wp\/v2\/pages\/921\/revisions\/993"}],"wp:attachment":[{"href":"https:\/\/163.edukovac.xyz\/index.php\/wp-json\/wp\/v2\/media?parent=921"}],"curies":[{"name":"wp","href":"https:\/\/api.w.org\/{rel}","templated":true}]}}